{"id":8195,"date":"2026-01-13T11:33:44","date_gmt":"2026-01-13T16:33:44","guid":{"rendered":"https:\/\/clarvi.com\/almacenamiento-rotoplas\/v10k-chlorinator\/"},"modified":"2026-03-20T17:42:08","modified_gmt":"2026-03-20T22:42:08","slug":"v10k-chlorinator","status":"publish","type":"product","link":"https:\/\/clarvi.com\/en\/almacenamiento-rotoplas\/v10k-chlorinator\/","title":{"rendered":"V10K Chlorinator"},"content":{"rendered":"<div class=\"elementor-element elementor-element-59f7c29 elementor-widget elementor-widget-text-editor\" data-id=\"59f7c29\" data-element_type=\"widget\" data-widget_type=\"text-editor.default\">\n<div class=\"elementor-widget-container\">\n<p>The V10k chlorine gas dosing control unit is an efficient measurement system for up to 750 ppd with a robust, high-precision design ideal for water disinfection processes.<\/p>\n<\/div>\n<\/div>\n","protected":false},"excerpt":{"rendered":"<div class=\"elementor-element elementor-element-59f7c29 elementor-widget elementor-widget-text-editor\" data-id=\"59f7c29\" data-element_type=\"widget\" data-widget_type=\"text-editor.default\">\n<div class=\"elementor-widget-container\">\n<p>Die Chlorgas-Dosiersteuerung V10k ist ein effizientes Messsystem f\u00fcr bis zu 750 ppd mit einer robusten, hochpr\u00e4zisen Konstruktion, die sich ideal f\u00fcr Wasserentkeimungsprozesse eignet.<\/p>\n<\/div>\n<\/div>\n","protected":false},"featured_media":8106,"comment_status":"closed","ping_status":"closed","template":"","meta":{"_acf_changed":false},"product_brand":[],"product_cat":[164,154,152,153],"product_tag":[],"class_list":{"0":"post-8195","1":"product","2":"type-product","3":"status-publish","4":"has-post-thumbnail","6":"product_cat-v10k","7":"product_cat-automatic","8":"product_cat-chlorinators","9":"product_cat-manual","11":"first","12":"instock","13":"shipping-taxable","14":"product-type-variable"},"acf":[],"_links":{"self":[{"href":"https:\/\/clarvi.com\/en\/wp-json\/wp\/v2\/product\/8195","targetHints":{"allow":["GET"]}}],"collection":[{"href":"https:\/\/clarvi.com\/en\/wp-json\/wp\/v2\/product"}],"about":[{"href":"https:\/\/clarvi.com\/en\/wp-json\/wp\/v2\/types\/product"}],"replies":[{"embeddable":true,"href":"https:\/\/clarvi.com\/en\/wp-json\/wp\/v2\/comments?post=8195"}],"wp:featuredmedia":[{"embeddable":true,"href":"https:\/\/clarvi.com\/en\/wp-json\/wp\/v2\/media\/8106"}],"wp:attachment":[{"href":"https:\/\/clarvi.com\/en\/wp-json\/wp\/v2\/media?parent=8195"}],"wp:term":[{"taxonomy":"product_brand","embeddable":true,"href":"https:\/\/clarvi.com\/en\/wp-json\/wp\/v2\/product_brand?post=8195"},{"taxonomy":"product_cat","embeddable":true,"href":"https:\/\/clarvi.com\/en\/wp-json\/wp\/v2\/product_cat?post=8195"},{"taxonomy":"product_tag","embeddable":true,"href":"https:\/\/clarvi.com\/en\/wp-json\/wp\/v2\/product_tag?post=8195"}],"curies":[{"name":"wp","href":"https:\/\/api.w.org\/{rel}","templated":true}]}}