{"id":8244,"date":"2025-09-26T18:47:59","date_gmt":"2025-09-26T23:47:59","guid":{"rendered":"https:\/\/clarvi.com\/products\/wat-clev-control\/"},"modified":"2026-01-13T14:46:12","modified_gmt":"2026-01-13T19:46:12","slug":"wat-clev-control","status":"publish","type":"page","link":"https:\/\/clarvi.com\/en\/products\/wat-clev-control\/","title":{"rendered":"WAT-CLEV CONTROL"},"content":{"rendered":"\t\t<div data-elementor-type=\"wp-page\" data-elementor-id=\"8244\" class=\"elementor elementor-8244 elementor-6871\" data-elementor-post-type=\"page\">\n\t\t\t\t<div class=\"elementor-element elementor-element-20a384c e-flex e-con-boxed e-con e-parent\" data-id=\"20a384c\" data-element_type=\"container\" data-settings=\"{&quot;background_background&quot;:&quot;classic&quot;}\">\n\t\t\t\t\t<div class=\"e-con-inner\">\n\t\t\t\t<div class=\"elementor-element elementor-element-d34e12d elementor-widget elementor-widget-heading\" data-id=\"d34e12d\" data-element_type=\"widget\" data-widget_type=\"heading.default\">\n\t\t\t\t<div class=\"elementor-widget-container\">\n\t\t\t\t\t<h2 class=\"elementor-heading-title elementor-size-default\">Products and Equipment<\/h2>\t\t\t\t<\/div>\n\t\t\t\t<\/div>\n\t\t\t\t\t<\/div>\n\t\t\t\t<\/div>\n\t\t<div class=\"elementor-element elementor-element-e37a8f6 e-flex e-con-boxed e-con e-parent\" data-id=\"e37a8f6\" data-element_type=\"container\">\n\t\t\t\t\t<div class=\"e-con-inner\">\n\t\t\t\t<div class=\"elementor-element elementor-element-29c4162 elementor-widget elementor-widget-heading\" data-id=\"29c4162\" data-element_type=\"widget\" data-widget_type=\"heading.default\">\n\t\t\t\t<div class=\"elementor-widget-container\">\n\t\t\t\t\t<h1 class=\"elementor-heading-title elementor-size-default\">Real-time monitoring and control\nof coagulant\nand flocculant dosing<\/h1>\t\t\t\t<\/div>\n\t\t\t\t<\/div>\n\t\t\t\t\t<\/div>\n\t\t\t\t<\/div>\n\t\t<div class=\"elementor-element elementor-element-a39f13c e-flex e-con-boxed e-con e-parent\" data-id=\"a39f13c\" data-element_type=\"container\">\n\t\t\t\t\t<div class=\"e-con-inner\">\n\t\t<div class=\"elementor-element elementor-element-70344e7 e-con-full e-flex e-con e-child\" data-id=\"70344e7\" data-element_type=\"container\">\n\t\t\t\t<div class=\"elementor-element elementor-element-67710a7 elementor-arrows-position-outside elementor-pagination-position-outside elementor-widget elementor-widget-image-carousel\" data-id=\"67710a7\" data-element_type=\"widget\" data-settings=\"{&quot;slides_to_show&quot;:&quot;1&quot;,&quot;navigation&quot;:&quot;both&quot;,&quot;autoplay&quot;:&quot;yes&quot;,&quot;pause_on_hover&quot;:&quot;yes&quot;,&quot;pause_on_interaction&quot;:&quot;yes&quot;,&quot;autoplay_speed&quot;:5000,&quot;infinite&quot;:&quot;yes&quot;,&quot;effect&quot;:&quot;slide&quot;,&quot;speed&quot;:500}\" data-widget_type=\"image-carousel.default\">\n\t\t\t\t<div class=\"elementor-widget-container\">\n\t\t\t\t\t\t\t<div class=\"elementor-image-carousel-wrapper swiper\" role=\"region\" aria-roledescription=\"carousel\" aria-label=\"Carrusel de Im\u00e1genes\" dir=\"ltr\">\n\t\t\t<div class=\"elementor-image-carousel swiper-wrapper\" aria-live=\"off\">\n\t\t\t\t\t\t\t\t<div class=\"swiper-slide\" role=\"group\" aria-roledescription=\"slide\" aria-label=\"1 of 2\"><figure class=\"swiper-slide-inner\"><img decoding=\"async\" class=\"swiper-slide-image\" src=\"https:\/\/clarvi.com\/wp-content\/uploads\/2025\/10\/WAT-CLEV-768x861.jpg\" alt=\"CLARVI WAT-CLEV Control para tratamiento de agua y control de dosificaci\u00f3n autom\u00e1tica de qu\u00edmicos.\" \/><\/figure><\/div><div class=\"swiper-slide\" role=\"group\" aria-roledescription=\"slide\" aria-label=\"2 of 2\"><figure class=\"swiper-slide-inner\"><img decoding=\"async\" class=\"swiper-slide-image\" src=\"https:\/\/clarvi.com\/wp-content\/uploads\/2025\/10\/FLOCULIZER-768x768.jpg\" alt=\"CLARVI Floculizer Sensor para tratamiento de agua y automatizaci\u00f3n en la dosificaci\u00f3n de qu\u00edmicos.\" \/><\/figure><\/div>\t\t\t<\/div>\n\t\t\t\t\t\t\t\t\t\t\t\t<div class=\"elementor-swiper-button elementor-swiper-button-prev\" role=\"button\" tabindex=\"0\">\n\t\t\t\t\t\t<svg aria-hidden=\"true\" class=\"e-font-icon-svg e-eicon-chevron-left\" viewBox=\"0 0 1000 1000\" xmlns=\"http:\/\/www.w3.org\/2000\/svg\"><path d=\"M646 125C629 125 613 133 604 142L308 442C296 454 292 471 292 487 292 504 296 521 308 533L604 854C617 867 629 875 646 875 663 875 679 871 692 858 704 846 713 829 713 812 713 796 708 779 692 767L438 487 692 225C700 217 708 204 708 187 708 171 704 154 692 142 675 129 663 125 646 125Z\"><\/path><\/svg>\t\t\t\t\t<\/div>\n\t\t\t\t\t<div class=\"elementor-swiper-button elementor-swiper-button-next\" role=\"button\" tabindex=\"0\">\n\t\t\t\t\t\t<svg aria-hidden=\"true\" class=\"e-font-icon-svg e-eicon-chevron-right\" viewBox=\"0 0 1000 1000\" xmlns=\"http:\/\/www.w3.org\/2000\/svg\"><path d=\"M696 533C708 521 713 504 713 487 713 471 708 454 696 446L400 146C388 133 375 125 354 125 338 125 325 129 313 142 300 154 292 171 292 187 292 204 296 221 308 233L563 492 304 771C292 783 288 800 288 817 288 833 296 850 308 863 321 871 338 875 354 875 371 875 388 867 400 854L696 533Z\"><\/path><\/svg>\t\t\t\t\t<\/div>\n\t\t\t\t\n\t\t\t\t\t\t\t\t\t<div class=\"swiper-pagination\"><\/div>\n\t\t\t\t\t\t\t\t\t<\/div>\n\t\t\t\t\t\t<\/div>\n\t\t\t\t<\/div>\n\t\t\t\t<\/div>\n\t\t<div class=\"elementor-element elementor-element-b10b5b6 e-con-full e-flex e-con e-child\" data-id=\"b10b5b6\" data-element_type=\"container\">\n\t\t\t\t<div class=\"elementor-element elementor-element-61818ee elementor-widget elementor-widget-heading\" data-id=\"61818ee\" data-element_type=\"widget\" data-widget_type=\"heading.default\">\n\t\t\t\t<div class=\"elementor-widget-container\">\n\t\t\t\t\t<h2 class=\"elementor-heading-title elementor-size-default\">The WAT-CLEV CONTROL and FLOCULIZER SENSOR\nprovide balance and uniformity in\ncoagulation when changes occur in:<\/h2>\t\t\t\t<\/div>\n\t\t\t\t<\/div>\n\t\t\t\t<div class=\"elementor-element elementor-element-28151bf elementor-widget elementor-widget-text-editor\" data-id=\"28151bf\" data-element_type=\"widget\" data-widget_type=\"text-editor.default\">\n\t\t\t\t<div class=\"elementor-widget-container\">\n\t\t\t\t\t\t\t\t\t<ul><li>Turbidity of the inlet water.<\/li><li> Water flow.<\/li><li>Concentration of the coagulant<br>and flocculant solution.<\/li><li>Partial obstructions in pumps and<br>dosing lines.<\/li><li>Types of coagulants and flocculants used.<\/li><\/ul>\t\t\t\t\t\t\t\t<\/div>\n\t\t\t\t<\/div>\n\t\t\t\t<div class=\"elementor-element elementor-element-82379ac elementor-align-left elementor-widget elementor-widget-button\" data-id=\"82379ac\" data-element_type=\"widget\" data-widget_type=\"button.default\">\n\t\t\t\t<div class=\"elementor-widget-container\">\n\t\t\t\t\t\t\t\t\t<div class=\"elementor-button-wrapper\">\n\t\t\t\t\t<a class=\"elementor-button elementor-button-link elementor-size-sm\" href=\"https:\/\/clarvi.com\/en\/contact\/\">\n\t\t\t\t\t\t<span class=\"elementor-button-content-wrapper\">\n\t\t\t\t\t\t\t\t\t<span class=\"elementor-button-text\">Quote<\/span>\n\t\t\t\t\t<\/span>\n\t\t\t\t\t<\/a>\n\t\t\t\t<\/div>\n\t\t\t\t\t\t\t\t<\/div>\n\t\t\t\t<\/div>\n\t\t\t\t<\/div>\n\t\t\t\t\t<\/div>\n\t\t\t\t<\/div>\n\t\t<div class=\"elementor-element elementor-element-ca9829e e-flex e-con-boxed e-con e-parent\" data-id=\"ca9829e\" data-element_type=\"container\">\n\t\t\t\t\t<div class=\"e-con-inner\">\n\t\t\t\t\t<\/div>\n\t\t\t\t<\/div>\n\t\t\t\t<\/div>\n\t\t","protected":false},"excerpt":{"rendered":"<p>Products and Equipment Real-time monitoring and control of coagulant and flocculant dosing The WAT-CLEV CONTROL and FLOCULIZER SENSOR provide balance and uniformity in coagulation when changes occur in: Turbidity of the inlet water. Water flow. Concentration of the coagulantand flocculant solution. Partial obstructions in pumps anddosing lines. Types of coagulants and flocculants used. Quote<\/p>\n","protected":false},"author":1,"featured_media":0,"parent":1930,"menu_order":0,"comment_status":"closed","ping_status":"closed","template":"","meta":{"_acf_changed":false,"footnotes":""},"class_list":["post-8244","page","type-page","status-publish","hentry"],"acf":[],"_links":{"self":[{"href":"https:\/\/clarvi.com\/en\/wp-json\/wp\/v2\/pages\/8244","targetHints":{"allow":["GET"]}}],"collection":[{"href":"https:\/\/clarvi.com\/en\/wp-json\/wp\/v2\/pages"}],"about":[{"href":"https:\/\/clarvi.com\/en\/wp-json\/wp\/v2\/types\/page"}],"author":[{"embeddable":true,"href":"https:\/\/clarvi.com\/en\/wp-json\/wp\/v2\/users\/1"}],"replies":[{"embeddable":true,"href":"https:\/\/clarvi.com\/en\/wp-json\/wp\/v2\/comments?post=8244"}],"version-history":[{"count":1,"href":"https:\/\/clarvi.com\/en\/wp-json\/wp\/v2\/pages\/8244\/revisions"}],"predecessor-version":[{"id":8245,"href":"https:\/\/clarvi.com\/en\/wp-json\/wp\/v2\/pages\/8244\/revisions\/8245"}],"up":[{"embeddable":true,"href":"https:\/\/clarvi.com\/en\/wp-json\/wp\/v2\/pages\/1930"}],"wp:attachment":[{"href":"https:\/\/clarvi.com\/en\/wp-json\/wp\/v2\/media?parent=8244"}],"curies":[{"name":"wp","href":"https:\/\/api.w.org\/{rel}","templated":true}]}}