{"id":8230,"date":"2025-09-29T10:52:49","date_gmt":"2025-09-29T15:52:49","guid":{"rendered":"https:\/\/clarvi.com\/products\/compact-integral-system\/"},"modified":"2026-01-13T14:33:11","modified_gmt":"2026-01-13T19:33:11","slug":"compact-integral-system","status":"publish","type":"page","link":"https:\/\/clarvi.com\/en\/products\/compact-integral-system\/","title":{"rendered":"Compact Integral System"},"content":{"rendered":"\t\t<div data-elementor-type=\"wp-page\" data-elementor-id=\"8230\" class=\"elementor elementor-8230 elementor-6960\" data-elementor-post-type=\"page\">\n\t\t\t\t<div class=\"elementor-element elementor-element-20a384c e-flex e-con-boxed e-con e-parent\" data-id=\"20a384c\" data-element_type=\"container\" data-settings=\"{&quot;background_background&quot;:&quot;classic&quot;}\">\n\t\t\t\t\t<div class=\"e-con-inner\">\n\t\t\t\t<div class=\"elementor-element elementor-element-d34e12d elementor-widget elementor-widget-heading\" data-id=\"d34e12d\" data-element_type=\"widget\" data-widget_type=\"heading.default\">\n\t\t\t\t<div class=\"elementor-widget-container\">\n\t\t\t\t\t<h2 class=\"elementor-heading-title elementor-size-default\">Products and Equipment<\/h2>\t\t\t\t<\/div>\n\t\t\t\t<\/div>\n\t\t\t\t\t<\/div>\n\t\t\t\t<\/div>\n\t\t<div class=\"elementor-element elementor-element-8a28789 e-flex e-con-boxed e-con e-parent\" data-id=\"8a28789\" data-element_type=\"container\">\n\t\t\t\t\t<div class=\"e-con-inner\">\n\t\t<div class=\"elementor-element elementor-element-0504dc1 e-flex e-con-boxed e-con e-child\" data-id=\"0504dc1\" data-element_type=\"container\">\n\t\t\t\t\t<div class=\"e-con-inner\">\n\t\t\t\t<div class=\"elementor-element elementor-element-731e5d7 elementor-arrows-position-inside elementor-pagination-position-outside elementor-widget elementor-widget-image-carousel\" data-id=\"731e5d7\" data-element_type=\"widget\" data-settings=\"{&quot;slides_to_show&quot;:&quot;1&quot;,&quot;navigation&quot;:&quot;both&quot;,&quot;autoplay&quot;:&quot;yes&quot;,&quot;pause_on_hover&quot;:&quot;yes&quot;,&quot;pause_on_interaction&quot;:&quot;yes&quot;,&quot;autoplay_speed&quot;:5000,&quot;infinite&quot;:&quot;yes&quot;,&quot;effect&quot;:&quot;slide&quot;,&quot;speed&quot;:500}\" data-widget_type=\"image-carousel.default\">\n\t\t\t\t<div class=\"elementor-widget-container\">\n\t\t\t\t\t\t\t<div class=\"elementor-image-carousel-wrapper swiper\" role=\"region\" aria-roledescription=\"carousel\" aria-label=\"Carrusel de Im\u00e1genes\" dir=\"ltr\">\n\t\t\t<div class=\"elementor-image-carousel swiper-wrapper\" aria-live=\"off\">\n\t\t\t\t\t\t\t\t<div class=\"swiper-slide\" role=\"group\" aria-roledescription=\"slide\" aria-label=\"1 of 2\"><figure class=\"swiper-slide-inner\"><img decoding=\"async\" class=\"swiper-slide-image\" src=\"https:\/\/clarvi.com\/wp-content\/uploads\/2025\/10\/SCI-2-DUPLEX-764x1024.png\" alt=\"CLARVI SCI-2 D\u00daPLEX, sistema de dosificaci\u00f3n autom\u00e1tico y dosificador de productos qu\u00edmicos industriales.\" \/><figcaption class=\"elementor-image-carousel-caption\">SCI-2 DUPLEX<\/figcaption><\/figure><\/div><div class=\"swiper-slide\" role=\"group\" aria-roledescription=\"slide\" aria-label=\"2 of 2\"><figure class=\"swiper-slide-inner\"><img decoding=\"async\" class=\"swiper-slide-image\" src=\"https:\/\/clarvi.com\/wp-content\/uploads\/2025\/10\/SCI-1-SIMPLEX.jpg\" alt=\"CLARVI SCI-1 SIMPLEX, dosificador de qu\u00edmicos con sistema de dosificaci\u00f3n autom\u00e1tico.\" \/><figcaption class=\"elementor-image-carousel-caption\">SCI-1 SIMPLEX<\/figcaption><\/figure><\/div>\t\t\t<\/div>\n\t\t\t\t\t\t\t\t\t\t\t\t<div class=\"elementor-swiper-button elementor-swiper-button-prev\" role=\"button\" tabindex=\"0\">\n\t\t\t\t\t\t<svg aria-hidden=\"true\" class=\"e-font-icon-svg e-eicon-chevron-left\" viewBox=\"0 0 1000 1000\" xmlns=\"http:\/\/www.w3.org\/2000\/svg\"><path d=\"M646 125C629 125 613 133 604 142L308 442C296 454 292 471 292 487 292 504 296 521 308 533L604 854C617 867 629 875 646 875 663 875 679 871 692 858 704 846 713 829 713 812 713 796 708 779 692 767L438 487 692 225C700 217 708 204 708 187 708 171 704 154 692 142 675 129 663 125 646 125Z\"><\/path><\/svg>\t\t\t\t\t<\/div>\n\t\t\t\t\t<div class=\"elementor-swiper-button elementor-swiper-button-next\" role=\"button\" tabindex=\"0\">\n\t\t\t\t\t\t<svg aria-hidden=\"true\" class=\"e-font-icon-svg e-eicon-chevron-right\" viewBox=\"0 0 1000 1000\" xmlns=\"http:\/\/www.w3.org\/2000\/svg\"><path d=\"M696 533C708 521 713 504 713 487 713 471 708 454 696 446L400 146C388 133 375 125 354 125 338 125 325 129 313 142 300 154 292 171 292 187 292 204 296 221 308 233L563 492 304 771C292 783 288 800 288 817 288 833 296 850 308 863 321 871 338 875 354 875 371 875 388 867 400 854L696 533Z\"><\/path><\/svg>\t\t\t\t\t<\/div>\n\t\t\t\t\n\t\t\t\t\t\t\t\t\t<div class=\"swiper-pagination\"><\/div>\n\t\t\t\t\t\t\t\t\t<\/div>\n\t\t\t\t\t\t<\/div>\n\t\t\t\t<\/div>\n\t\t\t\t\t<\/div>\n\t\t\t\t<\/div>\n\t\t<div class=\"elementor-element elementor-element-eeaa528 e-flex e-con-boxed e-con e-child\" data-id=\"eeaa528\" data-element_type=\"container\">\n\t\t\t\t\t<div class=\"e-con-inner\">\n\t\t\t\t<div class=\"elementor-element elementor-element-49b441f elementor-widget elementor-widget-heading\" data-id=\"49b441f\" data-element_type=\"widget\" data-widget_type=\"heading.default\">\n\t\t\t\t<div class=\"elementor-widget-container\">\n\t\t\t\t\t<h1 class=\"elementor-heading-title elementor-size-default\">Integrated Compact System (ICS)<\/h1>\t\t\t\t<\/div>\n\t\t\t\t<\/div>\n\t\t\t\t<div class=\"elementor-element elementor-element-f221cd8 elementor-widget elementor-widget-text-editor\" data-id=\"f221cd8\" data-element_type=\"widget\" data-widget_type=\"text-editor.default\">\n\t\t\t\t<div class=\"elementor-widget-container\">\n\t\t\t\t\t\t\t\t\t<p>The SCI Compact Integral System, designed by CLARVI\u00ae in its Simplex and Duplex versions, guarantees optimal preparation and dosing of chemical solutions.<\/p><ul><li>Water Disinfection: Application of granulated chlorine, hypochlorite, chlorine dioxide, biocides, hydrogen peroxide, etc.<br>Water Treatment: Application of granulated chlorine, hypochlorite, chlorine dioxide, biocides, hydrogen peroxide, etc.<\/li><li>Water Treatment: Preparation and application of coagulants and flocculants.<\/li><li><strong>pH control: Dosage of acids and bases.<\/strong><\/li><li><strong>Calderas:<\/strong> Dosificaci\u00f3n de sosa, fosfato, pol\u00edmeros, sulfito, etc.<\/li><li>Cooling Towers: Dosage of corrosion inhibitors, biocides, dispersants.<\/li><li>Agroindustry: Nutrient and fertilizer dosing.<\/li><li>Swimming pools: Application of algaecides, disinfectants, clarifiers, pH adjusters, etc.<\/li><\/ul>\t\t\t\t\t\t\t\t<\/div>\n\t\t\t\t<\/div>\n\t\t\t\t<div class=\"elementor-element elementor-element-b872344 elementor-widget__width-auto elementor-widget elementor-widget-button\" data-id=\"b872344\" data-element_type=\"widget\" data-widget_type=\"button.default\">\n\t\t\t\t<div class=\"elementor-widget-container\">\n\t\t\t\t\t\t\t\t\t<div class=\"elementor-button-wrapper\">\n\t\t\t\t\t<a class=\"elementor-button elementor-button-link elementor-size-sm\" href=\"https:\/\/clarvi.com\/en\/contact\/\">\n\t\t\t\t\t\t<span class=\"elementor-button-content-wrapper\">\n\t\t\t\t\t\t\t\t\t<span class=\"elementor-button-text\">Quote<\/span>\n\t\t\t\t\t<\/span>\n\t\t\t\t\t<\/a>\n\t\t\t\t<\/div>\n\t\t\t\t\t\t\t\t<\/div>\n\t\t\t\t<\/div>\n\t\t\t\t\t<\/div>\n\t\t\t\t<\/div>\n\t\t\t\t\t<\/div>\n\t\t\t\t<\/div>\n\t\t\t\t<\/div>\n\t\t","protected":false},"excerpt":{"rendered":"<p>Products and Equipment SCI-2 DUPLEX SCI-1 SIMPLEX Integrated Compact System (ICS) The SCI Compact Integral System, designed by CLARVI\u00ae in its Simplex and Duplex versions, guarantees optimal preparation and dosing of chemical solutions. Water Disinfection: Application of granulated chlorine, hypochlorite, chlorine dioxide, biocides, hydrogen peroxide, etc.Water Treatment: Application of granulated chlorine, hypochlorite, chlorine dioxide, biocides, [&hellip;]<\/p>\n","protected":false},"author":1,"featured_media":0,"parent":1930,"menu_order":0,"comment_status":"closed","ping_status":"closed","template":"","meta":{"_acf_changed":false,"footnotes":""},"class_list":["post-8230","page","type-page","status-publish","hentry"],"acf":[],"_links":{"self":[{"href":"https:\/\/clarvi.com\/en\/wp-json\/wp\/v2\/pages\/8230","targetHints":{"allow":["GET"]}}],"collection":[{"href":"https:\/\/clarvi.com\/en\/wp-json\/wp\/v2\/pages"}],"about":[{"href":"https:\/\/clarvi.com\/en\/wp-json\/wp\/v2\/types\/page"}],"author":[{"embeddable":true,"href":"https:\/\/clarvi.com\/en\/wp-json\/wp\/v2\/users\/1"}],"replies":[{"embeddable":true,"href":"https:\/\/clarvi.com\/en\/wp-json\/wp\/v2\/comments?post=8230"}],"version-history":[{"count":1,"href":"https:\/\/clarvi.com\/en\/wp-json\/wp\/v2\/pages\/8230\/revisions"}],"predecessor-version":[{"id":8231,"href":"https:\/\/clarvi.com\/en\/wp-json\/wp\/v2\/pages\/8230\/revisions\/8231"}],"up":[{"embeddable":true,"href":"https:\/\/clarvi.com\/en\/wp-json\/wp\/v2\/pages\/1930"}],"wp:attachment":[{"href":"https:\/\/clarvi.com\/en\/wp-json\/wp\/v2\/media?parent=8230"}],"curies":[{"name":"wp","href":"https:\/\/api.w.org\/{rel}","templated":true}]}}